{"id":1368,"date":"2025-09-24T12:04:03","date_gmt":"2025-09-24T10:04:03","guid":{"rendered":"https:\/\/www.beverfood.com\/quantic\/negozio\/product\/annuari-del-bere-beverfood\/coffitalia-2018\/"},"modified":"2025-09-24T19:08:57","modified_gmt":"2025-09-24T17:08:57","slug":"coffitalia-2025","status":"publish","type":"product","link":"https:\/\/www.beverfood.com\/quantic\/negozio\/prodotto\/coffitalia-2025\/","title":{"rendered":"Coffitalia 2025"},"content":{"rendered":"<h2 style=\"height: 30px; padding-top: 4px; text-align: center;\">COFFITALIA 2025:<\/h2>\n<p style=\"text-align: center;\" align=\"center\"><span style=\"font-size: 16px;\"><strong>Panoramica sui mercati, le torrefazioni, le caffetterie e \u00a0i negozi di caff\u00e8 <\/strong><\/span><\/p>\n<p><a href=\"https:\/\/www.beverfood.com\/quantic\/negozio\/wp-content\/uploads\/sites\/2\/2024\/09\/indice-coffitalia-2025.jpg\"><img loading=\"lazy\" decoding=\"async\" class=\"bordino aligncenter wp-image-27621 size-medium\" title=\"indici Annuario Coffitalia 2025 Beverfood.com\" src=\"https:\/\/www.beverfood.com\/quantic\/negozio\/wp-content\/uploads\/sites\/2\/2024\/09\/indice-coffitalia-2025-800x583.jpg\" alt=\"indici Annuario Coffitalia 2025 Beverfood.com\" width=\"800\" height=\"583\" srcset=\"https:\/\/www.beverfood.com\/quantic\/negozio\/wp-content\/uploads\/sites\/2\/2024\/09\/indice-coffitalia-2025-800x583.jpg 800w, https:\/\/www.beverfood.com\/quantic\/negozio\/wp-content\/uploads\/sites\/2\/2024\/09\/indice-coffitalia-2025-1024x746.jpg 1024w, https:\/\/www.beverfood.com\/quantic\/negozio\/wp-content\/uploads\/sites\/2\/2024\/09\/indice-coffitalia-2025-768x560.jpg 768w, https:\/\/www.beverfood.com\/quantic\/negozio\/wp-content\/uploads\/sites\/2\/2024\/09\/indice-coffitalia-2025-300x219.jpg 300w, https:\/\/www.beverfood.com\/quantic\/negozio\/wp-content\/uploads\/sites\/2\/2024\/09\/indice-coffitalia-2025.jpg 1227w\" sizes=\"auto, (max-width: 800px) 100vw, 800px\" \/><\/a><\/p>\n<p><strong>298 pagine \u2013 circa 960 schede aziendali<\/strong><\/p>\n<div align=\"&quot;justify\">\n<p>Il <strong>settore del caff\u00e8 e bevande calde<\/strong> in Italia conta circa un migliaio di aziende, con oltre <strong>7.000 addetti e un giro d\u2019affari che nel 2024 ha raggiunto i 5,7 miliardi di euro<\/strong>. L\u2019Italia si conferma tra i protagonisti del panorama internazionale:<\/p>\n<ul>\n<li>3\u00b0 Paese al mondo per import di caff\u00e8 verde,<\/li>\n<li>2\u00b0 nell\u2019UE per export,<\/li>\n<li>1\u00b0 produttore europeo di caff\u00e8 tostato,<\/li>\n<li>3\u00b0 mercato europeo per consumi complessivi.<\/li>\n<\/ul>\n<p>Dopo la contrazione del 2020, l\u2019industria ha ripreso a crescere e nel 2024 import, export e consumi hanno mostrato un nuovo consolidamento, con un consumo pro capite di 5,6 kg annui. L\u2019export resta il vero motore del settore, mentre i consumi interni appaiono stabili e caratterizzati da un crescente peso del <strong>caff\u00e8 porzionato<\/strong>.<\/p>\n<\/div>\n<hr \/>\n<div align=\"&quot;justify\">\n<h2>I contenuti dell\u2019annuario<\/h2>\n<p><strong>SEZIONE MERCATI<\/strong> \u2013 Analisi di importazioni, esportazioni, consumi e canali distributivi (GDO, retail specializzato, e-commerce, Ho.Re.Ca., Vending e OCS), con focus sul caff\u00e8 porzionato, sullo scenario competitivo e sui mercati complementari (t\u00e8, orzo, tostati naturali).<\/p>\n<p><strong>SEZIONE PRODUTTORI &amp; TORREFATTORI<\/strong> \u2013 Circa <strong>960 schede aziendali<\/strong> di produttori e distributori di caff\u00e8 e bevande calde, organizzate per regione, con dati anagrafici, recapiti, siti web e \u2013 dove disponibili \u2013 informazioni su attivit\u00e0 e marchi.<\/p>\n<p><strong>SEZIONE PRODUTTORI DI MACCHINE PER CAFF\u00c8<\/strong> \u2013 Schede dei produttori italiani di macchine professionali, automatiche e porzionato, con macina-dosatori, accessori e ricambi. Un focus \u00e8 dedicato a <strong>UCIMAC<\/strong>, l\u2019associazione dei costruttori di macchine per caff\u00e8 espresso.<\/p>\n<p><strong>SEZIONE FORNITORI SPECIALIZZATI<\/strong> \u2013 Aziende che operano nella commercializzazione internazionale del caff\u00e8, logistica, assicurazioni, impianti e macchinari per la lavorazione, materiali per il confezionamento e servizi per la distribuzione.<\/p>\n<p><strong>DISTRIBUZIONE \u2013 ASSOCIAZIONI \u2013 FIERE<\/strong> \u2013 Catene di caffetterie, negozi specializzati, associazioni italiane e internazionali, oltre alle fiere di riferimento del settore.<\/p>\n<h2>Uno strumento di riferimento<\/h2>\n<p>Grazie alla ricchezza e completezza delle informazioni, Coffitalia si conferma uno strumento indispensabile per aziende, operatori e professionisti che vogliono conoscere a fondo il settore del caff\u00e8 e delle bevande calde, dove l\u2019Italia continua a giocare un ruolo da protagonista a livello internazionale.<\/p>\n<\/div>\n","protected":false},"excerpt":{"rendered":"<p><span style=\"font-size: 16px;\"><strong>Versione Pdf Gratuita:<\/strong> <\/span><\/p>\n<form class=\"cart\" action=\"https:\/\/www.beverfood.com\/coffitaliadownload\/\" enctype=\"multipart\/form-data\" method=\"post\"><button class=\"single_add_to_cart_button button alt\" type=\"submit\">Scarica Gratis<\/button><\/form>\n<form class=\"cart\" action=\"https:\/\/www.beverfood.com\/coffitalia-download-english\/\" enctype=\"multipart\/form-data\" method=\"post\"><button class=\"single_add_to_cart_button button alt\" type=\"submit\">Free Download<\/button><\/form>\n<div class=\"zio\"><span style=\"font-size: 16px;\"><strong>Versione cartacea<\/strong><\/span><br \/>\n<span class=\"price2\">Iva gi\u00e0 assolta dall&#8217;Editore<br \/>\nTotale: <span class=\"amount\">60,00\u20ac (spedizione compresa)<\/span><\/span><\/div>\n<form class=\"cart\" action=\"\/quantic\/negozio\/product\/annuari-del-bere-beverfood\/coffitalia-2020-cartaceo\/?add-to-cart=1366\" enctype=\"multipart\/form-data\" method=\"post\">\n<div class=\"quantity\"><input class=\"input-text qty text\" title=\"Qty\" maxlength=\"12\" name=\"quantity\" size=\"4\" type=\"text\" value=\"1\" data-min=\"1\" data-max=\"0\" \/><\/div>\n<p><button class=\"single_add_to_cart_button button alt\" type=\"submit\">Acquista<\/button><\/p>\n<\/form>\n","protected":false},"featured_media":27620,"comment_status":"closed","ping_status":"closed","template":"","meta":{"_acf_changed":false,"site-sidebar-layout":"default","site-content-layout":"default","ast-site-content-layout":"default","site-content-style":"default","site-sidebar-style":"default","ast-global-header-display":"","ast-banner-title-visibility":"","ast-main-header-display":"","ast-hfb-above-header-display":"","ast-hfb-below-header-display":"","ast-hfb-mobile-header-display":"","site-post-title":"","ast-breadcrumbs-content":"","ast-featured-img":"","footer-sml-layout":"","theme-transparent-header-meta":"default","adv-header-id-meta":"","stick-header-meta":"","header-above-stick-meta":"","header-main-stick-meta":"","header-below-stick-meta":"","astra-migrate-meta-layouts":"set","ast-page-background-enabled":"default","ast-page-background-meta":{"desktop":{"background-color":"","background-image":"","background-repeat":"repeat","background-position":"center center","background-size":"auto","background-attachment":"scroll","background-type":"","background-media":"","overlay-type":"","overlay-color":"","overlay-gradient":""},"tablet":{"background-color":"","background-image":"","background-repeat":"repeat","background-position":"center center","background-size":"auto","background-attachment":"scroll","background-type":"","background-media":"","overlay-type":"","overlay-color":"","overlay-gradient":""},"mobile":{"background-color":"","background-image":"","background-repeat":"repeat","background-position":"center center","background-size":"auto","background-attachment":"scroll","background-type":"","background-media":"","overlay-type":"","overlay-color":"","overlay-gradient":""}},"ast-content-background-meta":{"desktop":{"background-color":"var(--ast-global-color-5)","background-image":"","background-repeat":"repeat","background-position":"center center","background-size":"auto","background-attachment":"scroll","background-type":"","background-media":"","overlay-type":"","overlay-color":"","overlay-gradient":""},"tablet":{"background-color":"var(--ast-global-color-5)","background-image":"","background-repeat":"repeat","background-position":"center center","background-size":"auto","background-attachment":"scroll","background-type":"","background-media":"","overlay-type":"","overlay-color":"","overlay-gradient":""},"mobile":{"background-color":"var(--ast-global-color-5)","background-image":"","background-repeat":"repeat","background-position":"center center","background-size":"auto","background-attachment":"scroll","background-type":"","background-media":"","overlay-type":"","overlay-color":"","overlay-gradient":""}}},"product_brand":[],"product_cat":[34],"product_tag":[],"class_list":{"0":"post-1368","1":"product","2":"type-product","3":"status-publish","4":"has-post-thumbnail","6":"product_cat-annuari-del-bere-beverfood","7":"settori-caffe","8":"settori-vending","9":"desktop-align-left","10":"tablet-align-left","11":"mobile-align-left","13":"first","14":"instock","15":"product-type-grouped"},"acf":[],"yoast_head":"<!-- This site is optimized with the Yoast SEO plugin v27.6 - https:\/\/yoast.com\/product\/yoast-seo-wordpress\/ -->\n<title>Coffitalia 2025 cartaceo Annuario Compra Aziende Caff\u00e8 Italia<\/title>\n<meta name=\"description\" content=\"Coffitalia 2025 Caff\u00e8 Italia Aziende Companies Torrefazioni, Roasting Companies, Macchine Caff\u00e8 capsule Machines Coffee\" \/>\n<meta name=\"robots\" content=\"index, follow, max-snippet:-1, max-image-preview:large, max-video-preview:-1\" \/>\n<link rel=\"canonical\" href=\"https:\/\/www.beverfood.com\/quantic\/negozio\/prodotto\/coffitalia-2025\/\" \/>\n<meta name=\"twitter:label1\" content=\"Tempo di lettura stimato\" \/>\n\t<meta name=\"twitter:data1\" content=\"3 minuti\" \/>\n<script type=\"application\/ld+json\" class=\"yoast-schema-graph\">{\"@context\":\"https:\\\/\\\/schema.org\",\"@graph\":[{\"@type\":\"WebPage\",\"@id\":\"https:\\\/\\\/www.beverfood.com\\\/quantic\\\/negozio\\\/prodotto\\\/coffitalia-2025\\\/\",\"url\":\"https:\\\/\\\/www.beverfood.com\\\/quantic\\\/negozio\\\/prodotto\\\/coffitalia-2025\\\/\",\"name\":\"Coffitalia 2025 cartaceo Annuario Compra Aziende Caff\u00e8 Italia\",\"isPartOf\":{\"@id\":\"https:\\\/\\\/www.beverfood.com\\\/quantic\\\/negozio\\\/#website\"},\"primaryImageOfPage\":{\"@id\":\"https:\\\/\\\/www.beverfood.com\\\/quantic\\\/negozio\\\/prodotto\\\/coffitalia-2025\\\/#primaryimage\"},\"image\":{\"@id\":\"https:\\\/\\\/www.beverfood.com\\\/quantic\\\/negozio\\\/prodotto\\\/coffitalia-2025\\\/#primaryimage\"},\"thumbnailUrl\":\"https:\\\/\\\/www.beverfood.com\\\/quantic\\\/negozio\\\/wp-content\\\/uploads\\\/sites\\\/2\\\/2024\\\/09\\\/coffitalia-2025_3d-1200.jpg\",\"datePublished\":\"2025-09-24T10:04:03+00:00\",\"dateModified\":\"2025-09-24T17:08:57+00:00\",\"description\":\"Coffitalia 2025 Caff\u00e8 Italia Aziende Companies Torrefazioni, Roasting Companies, Macchine Caff\u00e8 capsule Machines Coffee\",\"breadcrumb\":{\"@id\":\"https:\\\/\\\/www.beverfood.com\\\/quantic\\\/negozio\\\/prodotto\\\/coffitalia-2025\\\/#breadcrumb\"},\"inLanguage\":\"it-IT\",\"potentialAction\":[{\"@type\":\"ReadAction\",\"target\":[\"https:\\\/\\\/www.beverfood.com\\\/quantic\\\/negozio\\\/prodotto\\\/coffitalia-2025\\\/\"]}]},{\"@type\":\"ImageObject\",\"inLanguage\":\"it-IT\",\"@id\":\"https:\\\/\\\/www.beverfood.com\\\/quantic\\\/negozio\\\/prodotto\\\/coffitalia-2025\\\/#primaryimage\",\"url\":\"https:\\\/\\\/www.beverfood.com\\\/quantic\\\/negozio\\\/wp-content\\\/uploads\\\/sites\\\/2\\\/2024\\\/09\\\/coffitalia-2025_3d-1200.jpg\",\"contentUrl\":\"https:\\\/\\\/www.beverfood.com\\\/quantic\\\/negozio\\\/wp-content\\\/uploads\\\/sites\\\/2\\\/2024\\\/09\\\/coffitalia-2025_3d-1200.jpg\",\"width\":1200,\"height\":1600},{\"@type\":\"BreadcrumbList\",\"@id\":\"https:\\\/\\\/www.beverfood.com\\\/quantic\\\/negozio\\\/prodotto\\\/coffitalia-2025\\\/#breadcrumb\",\"itemListElement\":[{\"@type\":\"ListItem\",\"position\":1,\"name\":\"Negozio\",\"item\":\"https:\\\/\\\/www.beverfood.com\\\/quantic\\\/negozio\\\/\"},{\"@type\":\"ListItem\",\"position\":2,\"name\":\"Coffitalia 2025\"}]},{\"@type\":\"WebSite\",\"@id\":\"https:\\\/\\\/www.beverfood.com\\\/quantic\\\/negozio\\\/#website\",\"url\":\"https:\\\/\\\/www.beverfood.com\\\/quantic\\\/negozio\\\/\",\"name\":\"Negozio prodotti Beverfood.com\",\"description\":\"Negozio prodotti Beverfood.com\",\"publisher\":{\"@id\":\"https:\\\/\\\/www.beverfood.com\\\/quantic\\\/negozio\\\/#organization\"},\"potentialAction\":[{\"@type\":\"SearchAction\",\"target\":{\"@type\":\"EntryPoint\",\"urlTemplate\":\"https:\\\/\\\/www.beverfood.com\\\/quantic\\\/negozio\\\/?s={search_term_string}\"},\"query-input\":{\"@type\":\"PropertyValueSpecification\",\"valueRequired\":true,\"valueName\":\"search_term_string\"}}],\"inLanguage\":\"it-IT\"},{\"@type\":\"Organization\",\"@id\":\"https:\\\/\\\/www.beverfood.com\\\/quantic\\\/negozio\\\/#organization\",\"name\":\"Negozio prodotti Beverfood.com\",\"url\":\"https:\\\/\\\/www.beverfood.com\\\/quantic\\\/negozio\\\/\",\"logo\":{\"@type\":\"ImageObject\",\"inLanguage\":\"it-IT\",\"@id\":\"https:\\\/\\\/www.beverfood.com\\\/quantic\\\/negozio\\\/#\\\/schema\\\/logo\\\/image\\\/\",\"url\":\"https:\\\/\\\/www.beverfood.com\\\/quantic\\\/negozio\\\/wp-content\\\/uploads\\\/sites\\\/2\\\/2019\\\/12\\\/cropped-beverfood.com-logo-nero-1200-negozio.png\",\"contentUrl\":\"https:\\\/\\\/www.beverfood.com\\\/quantic\\\/negozio\\\/wp-content\\\/uploads\\\/sites\\\/2\\\/2019\\\/12\\\/cropped-beverfood.com-logo-nero-1200-negozio.png\",\"width\":1220,\"height\":406,\"caption\":\"Negozio prodotti Beverfood.com\"},\"image\":{\"@id\":\"https:\\\/\\\/www.beverfood.com\\\/quantic\\\/negozio\\\/#\\\/schema\\\/logo\\\/image\\\/\"}}]}<\/script>\n<!-- \/ Yoast SEO plugin. -->","yoast_head_json":{"title":"Coffitalia 2025 cartaceo Annuario Compra Aziende Caff\u00e8 Italia","description":"Coffitalia 2025 Caff\u00e8 Italia Aziende Companies Torrefazioni, Roasting Companies, Macchine Caff\u00e8 capsule Machines Coffee","robots":{"index":"index","follow":"follow","max-snippet":"max-snippet:-1","max-image-preview":"max-image-preview:large","max-video-preview":"max-video-preview:-1"},"canonical":"https:\/\/www.beverfood.com\/quantic\/negozio\/prodotto\/coffitalia-2025\/","twitter_misc":{"Tempo di lettura stimato":"3 minuti"},"schema":{"@context":"https:\/\/schema.org","@graph":[{"@type":"WebPage","@id":"https:\/\/www.beverfood.com\/quantic\/negozio\/prodotto\/coffitalia-2025\/","url":"https:\/\/www.beverfood.com\/quantic\/negozio\/prodotto\/coffitalia-2025\/","name":"Coffitalia 2025 cartaceo Annuario Compra Aziende Caff\u00e8 Italia","isPartOf":{"@id":"https:\/\/www.beverfood.com\/quantic\/negozio\/#website"},"primaryImageOfPage":{"@id":"https:\/\/www.beverfood.com\/quantic\/negozio\/prodotto\/coffitalia-2025\/#primaryimage"},"image":{"@id":"https:\/\/www.beverfood.com\/quantic\/negozio\/prodotto\/coffitalia-2025\/#primaryimage"},"thumbnailUrl":"https:\/\/www.beverfood.com\/quantic\/negozio\/wp-content\/uploads\/sites\/2\/2024\/09\/coffitalia-2025_3d-1200.jpg","datePublished":"2025-09-24T10:04:03+00:00","dateModified":"2025-09-24T17:08:57+00:00","description":"Coffitalia 2025 Caff\u00e8 Italia Aziende Companies Torrefazioni, Roasting Companies, Macchine Caff\u00e8 capsule Machines Coffee","breadcrumb":{"@id":"https:\/\/www.beverfood.com\/quantic\/negozio\/prodotto\/coffitalia-2025\/#breadcrumb"},"inLanguage":"it-IT","potentialAction":[{"@type":"ReadAction","target":["https:\/\/www.beverfood.com\/quantic\/negozio\/prodotto\/coffitalia-2025\/"]}]},{"@type":"ImageObject","inLanguage":"it-IT","@id":"https:\/\/www.beverfood.com\/quantic\/negozio\/prodotto\/coffitalia-2025\/#primaryimage","url":"https:\/\/www.beverfood.com\/quantic\/negozio\/wp-content\/uploads\/sites\/2\/2024\/09\/coffitalia-2025_3d-1200.jpg","contentUrl":"https:\/\/www.beverfood.com\/quantic\/negozio\/wp-content\/uploads\/sites\/2\/2024\/09\/coffitalia-2025_3d-1200.jpg","width":1200,"height":1600},{"@type":"BreadcrumbList","@id":"https:\/\/www.beverfood.com\/quantic\/negozio\/prodotto\/coffitalia-2025\/#breadcrumb","itemListElement":[{"@type":"ListItem","position":1,"name":"Negozio","item":"https:\/\/www.beverfood.com\/quantic\/negozio\/"},{"@type":"ListItem","position":2,"name":"Coffitalia 2025"}]},{"@type":"WebSite","@id":"https:\/\/www.beverfood.com\/quantic\/negozio\/#website","url":"https:\/\/www.beverfood.com\/quantic\/negozio\/","name":"Negozio prodotti Beverfood.com","description":"Negozio prodotti Beverfood.com","publisher":{"@id":"https:\/\/www.beverfood.com\/quantic\/negozio\/#organization"},"potentialAction":[{"@type":"SearchAction","target":{"@type":"EntryPoint","urlTemplate":"https:\/\/www.beverfood.com\/quantic\/negozio\/?s={search_term_string}"},"query-input":{"@type":"PropertyValueSpecification","valueRequired":true,"valueName":"search_term_string"}}],"inLanguage":"it-IT"},{"@type":"Organization","@id":"https:\/\/www.beverfood.com\/quantic\/negozio\/#organization","name":"Negozio prodotti Beverfood.com","url":"https:\/\/www.beverfood.com\/quantic\/negozio\/","logo":{"@type":"ImageObject","inLanguage":"it-IT","@id":"https:\/\/www.beverfood.com\/quantic\/negozio\/#\/schema\/logo\/image\/","url":"https:\/\/www.beverfood.com\/quantic\/negozio\/wp-content\/uploads\/sites\/2\/2019\/12\/cropped-beverfood.com-logo-nero-1200-negozio.png","contentUrl":"https:\/\/www.beverfood.com\/quantic\/negozio\/wp-content\/uploads\/sites\/2\/2019\/12\/cropped-beverfood.com-logo-nero-1200-negozio.png","width":1220,"height":406,"caption":"Negozio prodotti Beverfood.com"},"image":{"@id":"https:\/\/www.beverfood.com\/quantic\/negozio\/#\/schema\/logo\/image\/"}}]}},"_links":{"self":[{"href":"https:\/\/www.beverfood.com\/quantic\/negozio\/wp-json\/wp\/v2\/product\/1368","targetHints":{"allow":["GET"]}}],"collection":[{"href":"https:\/\/www.beverfood.com\/quantic\/negozio\/wp-json\/wp\/v2\/product"}],"about":[{"href":"https:\/\/www.beverfood.com\/quantic\/negozio\/wp-json\/wp\/v2\/types\/product"}],"replies":[{"embeddable":true,"href":"https:\/\/www.beverfood.com\/quantic\/negozio\/wp-json\/wp\/v2\/comments?post=1368"}],"wp:featuredmedia":[{"embeddable":true,"href":"https:\/\/www.beverfood.com\/quantic\/negozio\/wp-json\/wp\/v2\/media\/27620"}],"wp:attachment":[{"href":"https:\/\/www.beverfood.com\/quantic\/negozio\/wp-json\/wp\/v2\/media?parent=1368"}],"wp:term":[{"taxonomy":"product_brand","embeddable":true,"href":"https:\/\/www.beverfood.com\/quantic\/negozio\/wp-json\/wp\/v2\/product_brand?post=1368"},{"taxonomy":"product_cat","embeddable":true,"href":"https:\/\/www.beverfood.com\/quantic\/negozio\/wp-json\/wp\/v2\/product_cat?post=1368"},{"taxonomy":"product_tag","embeddable":true,"href":"https:\/\/www.beverfood.com\/quantic\/negozio\/wp-json\/wp\/v2\/product_tag?post=1368"}],"curies":[{"name":"wp","href":"https:\/\/api.w.org\/{rel}","templated":true}]}}