{"id":1438,"date":"2019-01-14T21:45:06","date_gmt":"2019-01-14T20:45:06","guid":{"rendered":"https:\/\/www.beverfood.com\/quantic\/negozio\/product\/altre-pubblicazioni\/la-filiera-del-caffe-espresso\/"},"modified":"2026-02-06T13:16:45","modified_gmt":"2026-02-06T12:16:45","slug":"la-filiera-del-caffe-espresso-di-franco-e-mauro-bazzara","status":"publish","type":"product","link":"https:\/\/www.beverfood.com\/quantic\/negozio\/prodotto\/la-filiera-del-caffe-espresso-di-franco-e-mauro-bazzara\/","title":{"rendered":"La Filiera del Caff\u00e8 Espresso"},"content":{"rendered":"<h2 style=\"text-align: center; font-size: 20px;\"><\/h2>\n<h2 style=\"text-align: center; font-size: 20px;\">LA FILIERA DEL CAFF\u00c8 ESPRESSO di Franco e Mauro Bazzara<\/h2>\n<h3 style=\"text-align: center; font-size: 16px;\"><em>THE ESPRESSO COFFEE PRODUCTION SYSTEM by Franco e Mauro Bazzara<\/em><\/h3>\n<p>&nbsp;<\/p>\n<p><span style=\"font-size: 18px;\"><em><span style=\"font-size: 16px;\">Sfoglia la <strong>presentazione\/demo<\/strong> <a href=\"http:\/\/issuu.com\/PlanetCoffee\/docs\/la_filiera_del_caff__espresso?mode=window\" target=\"_blank\" rel=\"noopener noreferrer\"><strong>Online<\/strong><\/a> o scaricala in <\/span><\/em><a href=\"http:\/\/www.coffeeurope.eu\/files\/La_filiera_del_caffe_espresso.pdf\" target=\"_blank\" rel=\"noopener noreferrer\"><strong><em><span style=\"font-size: 16px;\">versione .Pdf<\/span><\/em><br \/>\n<\/strong><\/a><\/span><\/p>\n<p><a href=\"http:\/\/www.coffeeurope.eu\/files\/La_filiera_del_caffe_espresso.pdf\" target=\"_blank\" rel=\"noopener noreferrer\"><img loading=\"lazy\" decoding=\"async\" class=\"size-medium wp-image-202\" src=\"https:\/\/www.beverfood.com\/quantic\/negozio\/wp-content\/uploads\/sites\/2\/2013\/01\/la-filiera-del-caffe-espresso-bazzara-300x138.jpg\" alt=\"La filiera del Caff\u00e8 Espresso di Franco e Mauro Bazzara\" width=\"300\" height=\"138\" srcset=\"https:\/\/www.beverfood.com\/quantic\/negozio\/wp-content\/uploads\/sites\/2\/2013\/01\/la-filiera-del-caffe-espresso-bazzara-300x138.jpg 300w, https:\/\/www.beverfood.com\/quantic\/negozio\/wp-content\/uploads\/sites\/2\/2013\/01\/la-filiera-del-caffe-espresso-bazzara-75x34.jpg 75w, https:\/\/www.beverfood.com\/quantic\/negozio\/wp-content\/uploads\/sites\/2\/2013\/01\/la-filiera-del-caffe-espresso-bazzara.jpg 600w\" sizes=\"auto, (max-width: 300px) 100vw, 300px\" \/><\/a><\/p>\n<p style=\"text-align: justify;\"><strong><br \/>\nIl manuale &#8220;La Filiera del Caff\u00e8 Espresso&#8221; dei fratelli Franco e Mauro Bazzara, \u00e8 ora arrivato alla terza ristampa, proponendosi come prezioso e pratico strumento di conoscenza su tutti gli aspetti del mondo del caff\u00e8. 100 illustrazioni dimostrative, pi\u00f9 di 100 foto, quasi 200 pagine in versione italiana e inglese. La ricchezza di contenuti tecnici, la grafica, gli interventi di alcuni tra i pi\u00f9 grandi esperti del mondo del caff\u00e8 e il contributo di aziende internazionali tra le pi\u00f9 note del settore, rendono il volume unico e indispensabile.<\/strong><\/p>\n<p style=\"text-align: justify;\">Il libro \u00e8 suddiviso in 4 grandi capitoli: \u2026verde: la pianta del caff\u00e8, i segreti della raccolta e della lavorazione dei frutti; &#8230; sacco: il viaggio del caff\u00e8 verde nei sacchi di juta, le caratteristiche dei chicchi e gli specialisti che le valutano; \u2026tostato: il know-how della torrefazione e la metamorfosi del chicco di caff\u00e8 espresso; \u2026espresso: la tecnologia italiana del caff\u00e8 espresso e le regole d\u2019oro per una tazza perfetta.<\/p>\n<p style=\"text-align: justify;\">I fratelli Bazzara, autori del manuale, hanno il grande merito di aver saputo raccontare in modo essenziale ma completo, tutto quello che serve per conoscere a fondo il mondo del caff\u00e8, evitando di disperdersi in ghirigori aneddotici, in luoghi comuni e in dettagli eccessivi, e consentire al lettore di impossessarsi con facilit\u00e0 e velocit\u00e0 dei tratti essenziali di tutti gli aspetti e le attivit\u00e0 che caratterizzano la vita del caff\u00e8, dalla coltivazione alla trasformazione, dalla preparazione al consumo. Le efficaci illustrazioni dimostrative e le suggestive immagini arricchiscono brillantemente l\u2019illustrazione dei vari argomenti, rendendo la lettura piacevole e proficua. Va dato, infine, merito agli autori di essere riusciti a raccontare il caff\u00e8 con uno stile divulgativo e di immediata comprensione, anche quando vengono trattati argomenti prettamente tecnici. Ci\u00f2 \u00e8 stato possibile perch\u00e9 i due autori hanno una grande competenza della materia che hanno enormemente arricchita in molti anni di brillante vita imprenditoriale nel settore del caff\u00e8.<\/p>\n<p>&nbsp;<\/p>\n<p><span style=\"font-size: 16px;\"><strong>SOMMARIO \/ INDEX<\/strong><\/span><\/p>\n<p>&nbsp;<\/p>\n<p><strong>IL PERCORSO DEL CAFF\u00c8 VERDE \/ THE GREEN COFFEE JOURNEY \u00bb 15<\/strong><br \/>\nColtivazione \/ Cultivation \u00bb 20<br \/>\nRaccolta \/ Harvesting \u00bb 28<br \/>\nLavorazione \/ Processing \u00bb 34<br \/>\nAsciugatura \/ Drying \u00bb 42<br \/>\nPulitura e cernita \/ Cleaning and grading \u00bb 46<br \/>\nSelezione e controllo \/ Selection and inspection \u00bb 48<\/p>\n<p>&nbsp;<\/p>\n<p><strong>IL PERCORSO DEL SACCO DI CAFF\u00c8 \/ THE COFFEE BAG JOURNEY \u00bb 53<\/strong><br \/>\nImbarco e sbarco \/ Loading and unloading \u00bb 58<br \/>\nManipolazioni \/ Handling \u00bb 64<br \/>\nImpianti di lavorazione \/ Processing systems \u00bb 68<br \/>\nBroker e crudisti \/ Brokers and green coffee wholesalers \u00bb 78<br \/>\nAssaggiatori \/ Cup taster \u00bb 88<br \/>\nLaboratori \/ Laboratories \u00bb 92<\/p>\n<p>&nbsp;<\/p>\n<p><strong>IL PERCORSO DEL CAFF\u00c8 TOSTATO \/ THE ROASTED COFFEE JOURNEY \u00bb 99<\/strong><br \/>\nRicezione, pulitura e stoccaggio caff\u00e8 verde \/ Receiving, cleaning and warehousing of green coffee \u00bb108<br \/>\nTostatura e spietratura \/ Roasting and stoning \u00bb116<br \/>\nStoccaggio caff\u00e8 tostato \/ Warehousing of roasted coffee \u00bb124<br \/>\nMiscelazione \/ Blending \u00bb124<br \/>\nMacinatura e stoccaggio caff\u00e8 macinato \/ Grinding and warehousing of ground coffee \u00bb126<br \/>\nConfezionamento \/ Packaging \u00bb128<\/p>\n<p>&nbsp;<\/p>\n<p><strong>IL PERCORSO DEL CAFF\u00c8 ESPRESSO \/ THE ESPRESSO COFFEE JOURNEY \u00bb137<\/strong><br \/>\nMiscela \/ Blend \u00bb142<br \/>\nMacinazione \/ Grind \u00bb144<br \/>\nDosaggio \/ Dose \u00bb148<br \/>\nPressatura \/ Pressing \u00bb150<br \/>\nEstrazione \/ Extraction \u00bb152<br \/>\nEspresso \/ Espresso \u00bb170<\/p>\n","protected":false},"excerpt":{"rendered":"<p><span style=\"font-size: 18px;\"><strong>The Espresso Coffee Production System<\/strong><\/span><\/p>\n<p><strong>di Franco e Mauro <strong>Bazzara<\/strong><\/strong><\/p>\n<p class=\"price\">Prezzo di copertina\u00a0\u20ac35,00 +<br \/>\nspedizione tramite corriere \u20ac5,00<\/p>\n","protected":false},"featured_media":27462,"comment_status":"closed","ping_status":"closed","template":"","meta":{"_acf_changed":false,"site-sidebar-layout":"default","site-content-layout":"default","ast-site-content-layout":"default","site-content-style":"default","site-sidebar-style":"default","ast-global-header-display":"","ast-banner-title-visibility":"","ast-main-header-display":"","ast-hfb-above-header-display":"","ast-hfb-below-header-display":"","ast-hfb-mobile-header-display":"","site-post-title":"","ast-breadcrumbs-content":"","ast-featured-img":"","footer-sml-layout":"","theme-transparent-header-meta":"default","adv-header-id-meta":"","stick-header-meta":"","header-above-stick-meta":"","header-main-stick-meta":"","header-below-stick-meta":"","astra-migrate-meta-layouts":"set","ast-page-background-enabled":"default","ast-page-background-meta":{"desktop":{"background-color":"","background-image":"","background-repeat":"repeat","background-position":"center center","background-size":"auto","background-attachment":"scroll","background-type":"","background-media":"","overlay-type":"","overlay-color":"","overlay-gradient":""},"tablet":{"background-color":"","background-image":"","background-repeat":"repeat","background-position":"center center","background-size":"auto","background-attachment":"scroll","background-type":"","background-media":"","overlay-type":"","overlay-color":"","overlay-gradient":""},"mobile":{"background-color":"","background-image":"","background-repeat":"repeat","background-position":"center center","background-size":"auto","background-attachment":"scroll","background-type":"","background-media":"","overlay-type":"","overlay-color":"","overlay-gradient":""}},"ast-content-background-meta":{"desktop":{"background-color":"var(--ast-global-color-5)","background-image":"","background-repeat":"repeat","background-position":"center center","background-size":"auto","background-attachment":"scroll","background-type":"","background-media":"","overlay-type":"","overlay-color":"","overlay-gradient":""},"tablet":{"background-color":"var(--ast-global-color-5)","background-image":"","background-repeat":"repeat","background-position":"center center","background-size":"auto","background-attachment":"scroll","background-type":"","background-media":"","overlay-type":"","overlay-color":"","overlay-gradient":""},"mobile":{"background-color":"var(--ast-global-color-5)","background-image":"","background-repeat":"repeat","background-position":"center center","background-size":"auto","background-attachment":"scroll","background-type":"","background-media":"","overlay-type":"","overlay-color":"","overlay-gradient":""}}},"product_brand":[],"product_cat":[47,23],"product_tag":[],"class_list":{"0":"post-1438","1":"product","2":"type-product","3":"status-publish","4":"has-post-thumbnail","6":"product_cat-altre-pubblicazioni","7":"product_cat-fratelli-bazzara-planet-coffee","8":"settori-caffe","9":"desktop-align-left","10":"tablet-align-left","11":"mobile-align-left","13":"first","14":"instock","15":"sold-individually","16":"shipping-taxable","17":"purchasable","18":"product-type-simple"},"acf":[],"yoast_head":"<!-- This site is optimized with the Yoast SEO plugin v27.6 - https:\/\/yoast.com\/product\/yoast-seo-wordpress\/ -->\n<title>La Filiera del Caff\u00e8 Espresso di Franco e Mauro Bazzara Compra libro<\/title>\n<meta name=\"description\" content=\"La Filiera del Caff\u00e8 Espresso di Franco e Mauro Bazzara The Espresso Coffee Production System. Libro suddiviso in capitoli: verde, sacco, tostato, espresso\" \/>\n<meta name=\"robots\" content=\"index, follow, max-snippet:-1, max-image-preview:large, max-video-preview:-1\" \/>\n<link rel=\"canonical\" href=\"https:\/\/www.beverfood.com\/quantic\/negozio\/prodotto\/la-filiera-del-caffe-espresso-di-franco-e-mauro-bazzara\/\" \/>\n<meta name=\"twitter:label1\" content=\"Tempo di lettura stimato\" \/>\n\t<meta name=\"twitter:data1\" content=\"4 minuti\" \/>\n<script type=\"application\/ld+json\" class=\"yoast-schema-graph\">{\"@context\":\"https:\\\/\\\/schema.org\",\"@graph\":[{\"@type\":\"WebPage\",\"@id\":\"https:\\\/\\\/www.beverfood.com\\\/quantic\\\/negozio\\\/prodotto\\\/la-filiera-del-caffe-espresso-di-franco-e-mauro-bazzara\\\/\",\"url\":\"https:\\\/\\\/www.beverfood.com\\\/quantic\\\/negozio\\\/prodotto\\\/la-filiera-del-caffe-espresso-di-franco-e-mauro-bazzara\\\/\",\"name\":\"La Filiera del Caff\u00e8 Espresso di Franco e Mauro Bazzara Compra libro\",\"isPartOf\":{\"@id\":\"https:\\\/\\\/www.beverfood.com\\\/quantic\\\/negozio\\\/#website\"},\"primaryImageOfPage\":{\"@id\":\"https:\\\/\\\/www.beverfood.com\\\/quantic\\\/negozio\\\/prodotto\\\/la-filiera-del-caffe-espresso-di-franco-e-mauro-bazzara\\\/#primaryimage\"},\"image\":{\"@id\":\"https:\\\/\\\/www.beverfood.com\\\/quantic\\\/negozio\\\/prodotto\\\/la-filiera-del-caffe-espresso-di-franco-e-mauro-bazzara\\\/#primaryimage\"},\"thumbnailUrl\":\"https:\\\/\\\/www.beverfood.com\\\/quantic\\\/negozio\\\/wp-content\\\/uploads\\\/sites\\\/2\\\/2019\\\/01\\\/la-filiera-del-caffe-espresso-bazzara..jpg\",\"datePublished\":\"2019-01-14T20:45:06+00:00\",\"dateModified\":\"2026-02-06T12:16:45+00:00\",\"description\":\"La Filiera del Caff\u00e8 Espresso di Franco e Mauro Bazzara The Espresso Coffee Production System. Libro suddiviso in capitoli: verde, sacco, tostato, espresso\",\"breadcrumb\":{\"@id\":\"https:\\\/\\\/www.beverfood.com\\\/quantic\\\/negozio\\\/prodotto\\\/la-filiera-del-caffe-espresso-di-franco-e-mauro-bazzara\\\/#breadcrumb\"},\"inLanguage\":\"it-IT\",\"potentialAction\":[{\"@type\":\"ReadAction\",\"target\":[\"https:\\\/\\\/www.beverfood.com\\\/quantic\\\/negozio\\\/prodotto\\\/la-filiera-del-caffe-espresso-di-franco-e-mauro-bazzara\\\/\"]}]},{\"@type\":\"ImageObject\",\"inLanguage\":\"it-IT\",\"@id\":\"https:\\\/\\\/www.beverfood.com\\\/quantic\\\/negozio\\\/prodotto\\\/la-filiera-del-caffe-espresso-di-franco-e-mauro-bazzara\\\/#primaryimage\",\"url\":\"https:\\\/\\\/www.beverfood.com\\\/quantic\\\/negozio\\\/wp-content\\\/uploads\\\/sites\\\/2\\\/2019\\\/01\\\/la-filiera-del-caffe-espresso-bazzara..jpg\",\"contentUrl\":\"https:\\\/\\\/www.beverfood.com\\\/quantic\\\/negozio\\\/wp-content\\\/uploads\\\/sites\\\/2\\\/2019\\\/01\\\/la-filiera-del-caffe-espresso-bazzara..jpg\",\"width\":1000,\"height\":1000},{\"@type\":\"BreadcrumbList\",\"@id\":\"https:\\\/\\\/www.beverfood.com\\\/quantic\\\/negozio\\\/prodotto\\\/la-filiera-del-caffe-espresso-di-franco-e-mauro-bazzara\\\/#breadcrumb\",\"itemListElement\":[{\"@type\":\"ListItem\",\"position\":1,\"name\":\"Negozio\",\"item\":\"https:\\\/\\\/www.beverfood.com\\\/quantic\\\/negozio\\\/\"},{\"@type\":\"ListItem\",\"position\":2,\"name\":\"La Filiera del Caff\u00e8 Espresso\"}]},{\"@type\":\"WebSite\",\"@id\":\"https:\\\/\\\/www.beverfood.com\\\/quantic\\\/negozio\\\/#website\",\"url\":\"https:\\\/\\\/www.beverfood.com\\\/quantic\\\/negozio\\\/\",\"name\":\"Negozio prodotti Beverfood.com\",\"description\":\"Negozio prodotti Beverfood.com\",\"publisher\":{\"@id\":\"https:\\\/\\\/www.beverfood.com\\\/quantic\\\/negozio\\\/#organization\"},\"potentialAction\":[{\"@type\":\"SearchAction\",\"target\":{\"@type\":\"EntryPoint\",\"urlTemplate\":\"https:\\\/\\\/www.beverfood.com\\\/quantic\\\/negozio\\\/?s={search_term_string}\"},\"query-input\":{\"@type\":\"PropertyValueSpecification\",\"valueRequired\":true,\"valueName\":\"search_term_string\"}}],\"inLanguage\":\"it-IT\"},{\"@type\":\"Organization\",\"@id\":\"https:\\\/\\\/www.beverfood.com\\\/quantic\\\/negozio\\\/#organization\",\"name\":\"Negozio prodotti Beverfood.com\",\"url\":\"https:\\\/\\\/www.beverfood.com\\\/quantic\\\/negozio\\\/\",\"logo\":{\"@type\":\"ImageObject\",\"inLanguage\":\"it-IT\",\"@id\":\"https:\\\/\\\/www.beverfood.com\\\/quantic\\\/negozio\\\/#\\\/schema\\\/logo\\\/image\\\/\",\"url\":\"https:\\\/\\\/www.beverfood.com\\\/quantic\\\/negozio\\\/wp-content\\\/uploads\\\/sites\\\/2\\\/2019\\\/12\\\/cropped-beverfood.com-logo-nero-1200-negozio.png\",\"contentUrl\":\"https:\\\/\\\/www.beverfood.com\\\/quantic\\\/negozio\\\/wp-content\\\/uploads\\\/sites\\\/2\\\/2019\\\/12\\\/cropped-beverfood.com-logo-nero-1200-negozio.png\",\"width\":1220,\"height\":406,\"caption\":\"Negozio prodotti Beverfood.com\"},\"image\":{\"@id\":\"https:\\\/\\\/www.beverfood.com\\\/quantic\\\/negozio\\\/#\\\/schema\\\/logo\\\/image\\\/\"}}]}<\/script>\n<!-- \/ Yoast SEO plugin. -->","yoast_head_json":{"title":"La Filiera del Caff\u00e8 Espresso di Franco e Mauro Bazzara Compra libro","description":"La Filiera del Caff\u00e8 Espresso di Franco e Mauro Bazzara The Espresso Coffee Production System. Libro suddiviso in capitoli: verde, sacco, tostato, espresso","robots":{"index":"index","follow":"follow","max-snippet":"max-snippet:-1","max-image-preview":"max-image-preview:large","max-video-preview":"max-video-preview:-1"},"canonical":"https:\/\/www.beverfood.com\/quantic\/negozio\/prodotto\/la-filiera-del-caffe-espresso-di-franco-e-mauro-bazzara\/","twitter_misc":{"Tempo di lettura stimato":"4 minuti"},"schema":{"@context":"https:\/\/schema.org","@graph":[{"@type":"WebPage","@id":"https:\/\/www.beverfood.com\/quantic\/negozio\/prodotto\/la-filiera-del-caffe-espresso-di-franco-e-mauro-bazzara\/","url":"https:\/\/www.beverfood.com\/quantic\/negozio\/prodotto\/la-filiera-del-caffe-espresso-di-franco-e-mauro-bazzara\/","name":"La Filiera del Caff\u00e8 Espresso di Franco e Mauro Bazzara Compra libro","isPartOf":{"@id":"https:\/\/www.beverfood.com\/quantic\/negozio\/#website"},"primaryImageOfPage":{"@id":"https:\/\/www.beverfood.com\/quantic\/negozio\/prodotto\/la-filiera-del-caffe-espresso-di-franco-e-mauro-bazzara\/#primaryimage"},"image":{"@id":"https:\/\/www.beverfood.com\/quantic\/negozio\/prodotto\/la-filiera-del-caffe-espresso-di-franco-e-mauro-bazzara\/#primaryimage"},"thumbnailUrl":"https:\/\/www.beverfood.com\/quantic\/negozio\/wp-content\/uploads\/sites\/2\/2019\/01\/la-filiera-del-caffe-espresso-bazzara..jpg","datePublished":"2019-01-14T20:45:06+00:00","dateModified":"2026-02-06T12:16:45+00:00","description":"La Filiera del Caff\u00e8 Espresso di Franco e Mauro Bazzara The Espresso Coffee Production System. Libro suddiviso in capitoli: verde, sacco, tostato, espresso","breadcrumb":{"@id":"https:\/\/www.beverfood.com\/quantic\/negozio\/prodotto\/la-filiera-del-caffe-espresso-di-franco-e-mauro-bazzara\/#breadcrumb"},"inLanguage":"it-IT","potentialAction":[{"@type":"ReadAction","target":["https:\/\/www.beverfood.com\/quantic\/negozio\/prodotto\/la-filiera-del-caffe-espresso-di-franco-e-mauro-bazzara\/"]}]},{"@type":"ImageObject","inLanguage":"it-IT","@id":"https:\/\/www.beverfood.com\/quantic\/negozio\/prodotto\/la-filiera-del-caffe-espresso-di-franco-e-mauro-bazzara\/#primaryimage","url":"https:\/\/www.beverfood.com\/quantic\/negozio\/wp-content\/uploads\/sites\/2\/2019\/01\/la-filiera-del-caffe-espresso-bazzara..jpg","contentUrl":"https:\/\/www.beverfood.com\/quantic\/negozio\/wp-content\/uploads\/sites\/2\/2019\/01\/la-filiera-del-caffe-espresso-bazzara..jpg","width":1000,"height":1000},{"@type":"BreadcrumbList","@id":"https:\/\/www.beverfood.com\/quantic\/negozio\/prodotto\/la-filiera-del-caffe-espresso-di-franco-e-mauro-bazzara\/#breadcrumb","itemListElement":[{"@type":"ListItem","position":1,"name":"Negozio","item":"https:\/\/www.beverfood.com\/quantic\/negozio\/"},{"@type":"ListItem","position":2,"name":"La Filiera del Caff\u00e8 Espresso"}]},{"@type":"WebSite","@id":"https:\/\/www.beverfood.com\/quantic\/negozio\/#website","url":"https:\/\/www.beverfood.com\/quantic\/negozio\/","name":"Negozio prodotti Beverfood.com","description":"Negozio prodotti Beverfood.com","publisher":{"@id":"https:\/\/www.beverfood.com\/quantic\/negozio\/#organization"},"potentialAction":[{"@type":"SearchAction","target":{"@type":"EntryPoint","urlTemplate":"https:\/\/www.beverfood.com\/quantic\/negozio\/?s={search_term_string}"},"query-input":{"@type":"PropertyValueSpecification","valueRequired":true,"valueName":"search_term_string"}}],"inLanguage":"it-IT"},{"@type":"Organization","@id":"https:\/\/www.beverfood.com\/quantic\/negozio\/#organization","name":"Negozio prodotti Beverfood.com","url":"https:\/\/www.beverfood.com\/quantic\/negozio\/","logo":{"@type":"ImageObject","inLanguage":"it-IT","@id":"https:\/\/www.beverfood.com\/quantic\/negozio\/#\/schema\/logo\/image\/","url":"https:\/\/www.beverfood.com\/quantic\/negozio\/wp-content\/uploads\/sites\/2\/2019\/12\/cropped-beverfood.com-logo-nero-1200-negozio.png","contentUrl":"https:\/\/www.beverfood.com\/quantic\/negozio\/wp-content\/uploads\/sites\/2\/2019\/12\/cropped-beverfood.com-logo-nero-1200-negozio.png","width":1220,"height":406,"caption":"Negozio prodotti Beverfood.com"},"image":{"@id":"https:\/\/www.beverfood.com\/quantic\/negozio\/#\/schema\/logo\/image\/"}}]}},"_links":{"self":[{"href":"https:\/\/www.beverfood.com\/quantic\/negozio\/wp-json\/wp\/v2\/product\/1438","targetHints":{"allow":["GET"]}}],"collection":[{"href":"https:\/\/www.beverfood.com\/quantic\/negozio\/wp-json\/wp\/v2\/product"}],"about":[{"href":"https:\/\/www.beverfood.com\/quantic\/negozio\/wp-json\/wp\/v2\/types\/product"}],"replies":[{"embeddable":true,"href":"https:\/\/www.beverfood.com\/quantic\/negozio\/wp-json\/wp\/v2\/comments?post=1438"}],"wp:featuredmedia":[{"embeddable":true,"href":"https:\/\/www.beverfood.com\/quantic\/negozio\/wp-json\/wp\/v2\/media\/27462"}],"wp:attachment":[{"href":"https:\/\/www.beverfood.com\/quantic\/negozio\/wp-json\/wp\/v2\/media?parent=1438"}],"wp:term":[{"taxonomy":"product_brand","embeddable":true,"href":"https:\/\/www.beverfood.com\/quantic\/negozio\/wp-json\/wp\/v2\/product_brand?post=1438"},{"taxonomy":"product_cat","embeddable":true,"href":"https:\/\/www.beverfood.com\/quantic\/negozio\/wp-json\/wp\/v2\/product_cat?post=1438"},{"taxonomy":"product_tag","embeddable":true,"href":"https:\/\/www.beverfood.com\/quantic\/negozio\/wp-json\/wp\/v2\/product_tag?post=1438"}],"curies":[{"name":"wp","href":"https:\/\/api.w.org\/{rel}","templated":true}]}}