{"id":1440,"date":"2019-01-14T21:47:00","date_gmt":"2019-01-14T20:47:00","guid":{"rendered":"https:\/\/www.beverfood.com\/quantic\/negozio\/product\/altre-pubblicazioni\/cappuccino-italiano-latte-art-2\/"},"modified":"2023-08-30T21:41:35","modified_gmt":"2023-08-30T19:41:35","slug":"cappuccino-italiano-latte-art","status":"publish","type":"product","link":"https:\/\/www.beverfood.com\/quantic\/negozio\/prodotto\/cappuccino-italiano-latte-art\/","title":{"rendered":"Cappuccino Italiano Latte Art"},"content":{"rendered":"<h2 style=\"text-align: center;\"><strong>CAPPUCCINO ITALIANO LATTE ART<\/strong><\/h2>\n<p style=\"text-align: center;\"><span style=\"font-size: 16px;\"><em><strong>Italian Cappuccino Latt art<\/strong><\/em><\/span><\/p>\n<p style=\"text-align: center;\"><span style=\"font-size: 14px; color: #ac7920;\"><strong>Le regole del cappuccino perfetto e le tecniche della Latte Art<\/strong><\/span><\/p>\n<p style=\"text-align: center;\"><span style=\"font-size: 20px;\"><strong>\u00a0<\/strong><\/span><\/p>\n<p style=\"text-align: justify;\"><span style=\"font-size: 20px;\"><strong>Nuova Edizione 2016<\/strong><\/span><\/p>\n<p style=\"text-align: justify;\">Cappuccino Italiano Latte Art \u00e8 il quarto volume firmato dai fratelli Franco e Mauro Bazzara. Visto il crescente interesse per il cappuccino, sia da parte dei consumatori che da parte dei baristi, gli autori hanno deciso di rendere la tipica bevanda della colazione italiana protagonista del loro nuovo libro. \u00c8 stato pensato come un testo divulgativo, ma con molti contenuti tecnici, che non solo presenta le regole fondamentali per la corretta preparazione e degustazione del cappuccino, ma svela anche i segreti dell\u2019affascinante tecnica della Latte Art. Gli argomenti sono affrontati da una prospettiva innovativa, mentre elementi inediti, centinaia di foto e molteplici disegni rendono il volume davvero prezioso per chi si avvicina o si occupa professionalmente dell\u2019amatissima bevanda italiana.<\/p>\n<p style=\"text-align: justify;\">Il volume \u00e8 un\u2019opera trasversale in grado di suscitare interesse tanto nel semplice appassionato quanto nel barista professionista. Composto da 500 pagine a colori, ricche di fotografie, grafici, illustrazioni e impreziosite da numerosi interventi di alcuni tra i pi\u00f9 grandi esperti del settore, il libro garantisce una lettura scorrevole e coinvolgente alternando argomentazioni tecniche \u2013affrontate con rigore scientifico-, notizie e curiosit\u00e0. Un\u2019opera in grado di appassionare il lettore nonostante le molte informazioni tecniche e l\u2019approccio rigorosamente scientifico, dedicata pertanto a tutti gli appassionati del mondo caffeicolo cos\u00ec come che agli operatori di settore.<\/p>\n<h2 style=\"text-align: justify;\"><strong>I CONTENUTI<\/strong><\/h2>\n<p style=\"text-align: justify;\"><strong>Cap 1. Cappuccino&amp;Espresso<\/strong><\/p>\n<p style=\"text-align: justify;\">Il volume si apre con una panoramica globale sulla ricetta cappuccino: dalle sue lontane origini nel 1600 fino ad arrivare a un\u2019analisi di tutti i processi interessati per la sua preparazione, soffermandosi anche sulle diverse interpretazioni della ricetta. Non mancano le indicazioni su come riconoscere un cappuccino non fatto a regola d\u2019arte e una sintesi su tutto ci\u00f2 che si nasconde dietro ad un semplice caff\u00e8 espresso con pagine interamente dedicate all\u2019arte di preparare una miscela di caff\u00e8, alle macchine per il caff\u00e8 espresso e agli accorgimenti che ogni barista non deve mai trascurare.<\/p>\n<p style=\"text-align: justify;\"><strong>Cap 2. Le 5L del cappuccino (Latte, Lattiera, Lancia, Lavorazione, Latte Art)<\/strong><\/p>\n<p style=\"text-align: justify;\">Nel secondo capitolo invece, consapevoli del grande apprezzamento riscontrato dalle ormai famose 5 \u201cM\u201d (miscela, macchina per il caff\u00e8, macinacaff\u00e8, mano del barista e manutenzione; integrate dai due autori con la sesta M di \u201cmission&amp;marketing\u201d), i due autori triestini vanno a individuare gli elementi cardine in grado di determinare la perfetta realizzazione della ricetta presa in esame. Ben 70 pagine sono dunque dedicate alle \u201c5 L del cappuccino\u201d. Latte, lattiera, lancia, lavorazione, Latte Art: questi gli elementi imprescindibili per realizzare un cappuccino che rispecchi pienamente la tradizione italiana. Ad ognuno di essi viene dedicato un meticoloso approfondimento che guida il lettore, passo dopo passo, dalla scelta delle materie prime e degli strumenti al loro utilizzo ottimale.<\/p>\n<p style=\"text-align: justify;\">Per il latte si affrontano tutte le tematiche legate alla scelta della tipologia migliore e al suo utilizzo professionale, soffermandosi con particolare attenzione sulla schiuma e sui segreti per donarle un\u2019ottima stabilit\u00e0. Vengono poi presi in esame gli strumenti di lavoro. Ecco quindi indicati i formati necessari, il giusto materiale, la geometria del bricco e del beccuccio di una lattiera adatta al barista professionista cos\u00ec come la corretta potenza e il tipo di vapore, la forma del vaporizzatore e la particolare forma dei suoi ugelli necessari ad una montatura del latte efficace. Successivamente si vanno ad indicare le diverse fasi della lavorazione e del versamento del latte montato.<\/p>\n<p style=\"text-align: justify;\"><strong>Cap 3. La degustazione del cappuccino<\/strong><\/p>\n<p style=\"text-align: justify;\">In questo capitolo la degustazione viene analizzata in qualit\u00e0 di analisi sensoriale. Un approccio scientifico difatti ne esplica obiettivi, fasi e conoscenze da acquisire per poter effettuare un assaggio professionale. Prima di sintetizzare le fasi dell\u2019assaggio del cappuccino vengono dunque affrontati i momenti che riguardano l\u2019analisi visiva, l\u2019analisi olfattiva e quella tattile. In questo capitolo inoltre \u00e8 offerto un focus sul Caff\u00e8 Gourmet che ne espone i tratti distintivi e approfondisce le peculiarit\u00e0 dei migliori monorigine.<\/p>\n<p style=\"text-align: justify;\"><strong>Cap 4. Mondo cappuccino<\/strong><\/p>\n<p style=\"text-align: justify;\">Questa sezione \u00e8 una sorta di lente di ingrandimento su tutti i diversi modi di preparare la ricetta che si sono diffusi negli ultimi tempi: chiaro, scuro, doppio, senza schiuma o con tanta schiuma, dal classico cappuccino accompagnato dal cornetto all\u2019italiana fino al cappuccino al latte di riso, ogni variante \u00e8 presa in esame.<\/p>\n<p style=\"text-align: justify;\"><strong>Cap 5. I segreti della Latte Art<\/strong><\/p>\n<p style=\"text-align: justify;\">Nelle pagine conclusive del libro la centralit\u00e0 del caff\u00e8 si afferma in un\u2019estetica traboccante e l\u2019immagine diviene assoluta protagonista: attraverso splendide fotografie, infatti, vengono descritti ben 111 set di decori di latte art (tecnica nata in Italia negli anni \u201970 che in breve tempo ha contagiato tutti i mercati esteri e che oggi vanta veri e propri campionati internazionali dedicati).<\/p>\n<p>Suddivisi in otto categorie di stile (stencil, writing, topping, etching, animals, Latte Art, painting e free style), per ognuno di essi vengono illustrati dettagliatamente tutti gli step di lavorazione, gli accorgimenti e la strumentazione necessaria affinch\u00e9 la realizzazione risulti ottimale. Un capitolo in cui il gusto incontra il bello, splendido epilogo di un viaggio a 360\u00b0 esclusivamente dedicato al cappuccino italiano, vera icona dell\u2019italian lifestyle.<\/p>\n","protected":false},"excerpt":{"rendered":"<p><span style=\"font-size: 18px;\"><strong><i>Italian Cappuccino Latte Art<\/i><\/strong><\/span><\/p>\n<p><strong>di Franco e Mauro\u00a0<strong>Bazzara<\/strong><\/strong><\/p>\n<p><span class=\"price\">\u20ac55\u00a0Prezzo di copertina +<br \/>\n\u20ac5 spedizione tramite corriere<\/span><\/p>\n","protected":false},"featured_media":1122,"comment_status":"closed","ping_status":"closed","template":"","meta":{"_acf_changed":false,"site-sidebar-layout":"default","site-content-layout":"default","ast-site-content-layout":"","site-content-style":"default","site-sidebar-style":"default","ast-global-header-display":"","ast-banner-title-visibility":"","ast-main-header-display":"","ast-hfb-above-header-display":"","ast-hfb-below-header-display":"","ast-hfb-mobile-header-display":"","site-post-title":"","ast-breadcrumbs-content":"","ast-featured-img":"","footer-sml-layout":"","theme-transparent-header-meta":"default","adv-header-id-meta":"","stick-header-meta":"","header-above-stick-meta":"","header-main-stick-meta":"","header-below-stick-meta":"","astra-migrate-meta-layouts":"","ast-page-background-enabled":"default","ast-page-background-meta":{"desktop":{"background-color":"","background-image":"","background-repeat":"repeat","background-position":"center center","background-size":"auto","background-attachment":"scroll","background-type":"","background-media":"","overlay-type":"","overlay-color":"","overlay-gradient":""},"tablet":{"background-color":"","background-image":"","background-repeat":"repeat","background-position":"center center","background-size":"auto","background-attachment":"scroll","background-type":"","background-media":"","overlay-type":"","overlay-color":"","overlay-gradient":""},"mobile":{"background-color":"","background-image":"","background-repeat":"repeat","background-position":"center center","background-size":"auto","background-attachment":"scroll","background-type":"","background-media":"","overlay-type":"","overlay-color":"","overlay-gradient":""}},"ast-content-background-meta":{"desktop":{"background-color":"var(--ast-global-color-5)","background-image":"","background-repeat":"repeat","background-position":"center center","background-size":"auto","background-attachment":"scroll","background-type":"","background-media":"","overlay-type":"","overlay-color":"","overlay-gradient":""},"tablet":{"background-color":"var(--ast-global-color-5)","background-image":"","background-repeat":"repeat","background-position":"center center","background-size":"auto","background-attachment":"scroll","background-type":"","background-media":"","overlay-type":"","overlay-color":"","overlay-gradient":""},"mobile":{"background-color":"var(--ast-global-color-5)","background-image":"","background-repeat":"repeat","background-position":"center center","background-size":"auto","background-attachment":"scroll","background-type":"","background-media":"","overlay-type":"","overlay-color":"","overlay-gradient":""}}},"product_brand":[],"product_cat":[47,23],"product_tag":[],"class_list":{"0":"post-1440","1":"product","2":"type-product","3":"status-publish","4":"has-post-thumbnail","6":"product_cat-altre-pubblicazioni","7":"product_cat-fratelli-bazzara-planet-coffee","8":"settori-caffe","9":"desktop-align-left","10":"tablet-align-left","11":"mobile-align-left","13":"first","14":"instock","15":"purchasable","16":"product-type-simple"},"acf":[],"yoast_head":"<!-- This site is optimized with the Yoast SEO plugin v27.6 - https:\/\/yoast.com\/product\/yoast-seo-wordpress\/ -->\n<title>Cappuccino Italiano Latte Art di Franco e Mauro Bazzara Compra<\/title>\n<meta name=\"description\" content=\"Cappuccino Italiano Latte Art di Franco e Mauro Bazzara - Italian Cappuccino Latte Art. Le regole del cappuccino perfetto e le tecniche della Latte Art\" \/>\n<meta name=\"robots\" content=\"index, follow, max-snippet:-1, max-image-preview:large, max-video-preview:-1\" \/>\n<link rel=\"canonical\" href=\"https:\/\/www.beverfood.com\/quantic\/negozio\/prodotto\/cappuccino-italiano-latte-art\/\" \/>\n<meta name=\"twitter:label1\" content=\"Tempo di lettura stimato\" \/>\n\t<meta name=\"twitter:data1\" content=\"5 minuti\" \/>\n<script type=\"application\/ld+json\" class=\"yoast-schema-graph\">{\"@context\":\"https:\\\/\\\/schema.org\",\"@graph\":[{\"@type\":\"WebPage\",\"@id\":\"https:\\\/\\\/www.beverfood.com\\\/quantic\\\/negozio\\\/prodotto\\\/cappuccino-italiano-latte-art\\\/\",\"url\":\"https:\\\/\\\/www.beverfood.com\\\/quantic\\\/negozio\\\/prodotto\\\/cappuccino-italiano-latte-art\\\/\",\"name\":\"Cappuccino Italiano Latte Art di Franco e Mauro Bazzara Compra\",\"isPartOf\":{\"@id\":\"https:\\\/\\\/www.beverfood.com\\\/quantic\\\/negozio\\\/#website\"},\"primaryImageOfPage\":{\"@id\":\"https:\\\/\\\/www.beverfood.com\\\/quantic\\\/negozio\\\/prodotto\\\/cappuccino-italiano-latte-art\\\/#primaryimage\"},\"image\":{\"@id\":\"https:\\\/\\\/www.beverfood.com\\\/quantic\\\/negozio\\\/prodotto\\\/cappuccino-italiano-latte-art\\\/#primaryimage\"},\"thumbnailUrl\":\"https:\\\/\\\/www.beverfood.com\\\/quantic\\\/negozio\\\/wp-content\\\/uploads\\\/sites\\\/2\\\/2013\\\/01\\\/cappuccino-italiano-latte-art-2016.jpg\",\"datePublished\":\"2019-01-14T20:47:00+00:00\",\"dateModified\":\"2023-08-30T19:41:35+00:00\",\"description\":\"Cappuccino Italiano Latte Art di Franco e Mauro Bazzara - Italian Cappuccino Latte Art. Le regole del cappuccino perfetto e le tecniche della Latte Art\",\"breadcrumb\":{\"@id\":\"https:\\\/\\\/www.beverfood.com\\\/quantic\\\/negozio\\\/prodotto\\\/cappuccino-italiano-latte-art\\\/#breadcrumb\"},\"inLanguage\":\"it-IT\",\"potentialAction\":[{\"@type\":\"ReadAction\",\"target\":[\"https:\\\/\\\/www.beverfood.com\\\/quantic\\\/negozio\\\/prodotto\\\/cappuccino-italiano-latte-art\\\/\"]}]},{\"@type\":\"ImageObject\",\"inLanguage\":\"it-IT\",\"@id\":\"https:\\\/\\\/www.beverfood.com\\\/quantic\\\/negozio\\\/prodotto\\\/cappuccino-italiano-latte-art\\\/#primaryimage\",\"url\":\"https:\\\/\\\/www.beverfood.com\\\/quantic\\\/negozio\\\/wp-content\\\/uploads\\\/sites\\\/2\\\/2013\\\/01\\\/cappuccino-italiano-latte-art-2016.jpg\",\"contentUrl\":\"https:\\\/\\\/www.beverfood.com\\\/quantic\\\/negozio\\\/wp-content\\\/uploads\\\/sites\\\/2\\\/2013\\\/01\\\/cappuccino-italiano-latte-art-2016.jpg\",\"width\":300,\"height\":300},{\"@type\":\"BreadcrumbList\",\"@id\":\"https:\\\/\\\/www.beverfood.com\\\/quantic\\\/negozio\\\/prodotto\\\/cappuccino-italiano-latte-art\\\/#breadcrumb\",\"itemListElement\":[{\"@type\":\"ListItem\",\"position\":1,\"name\":\"Negozio\",\"item\":\"https:\\\/\\\/www.beverfood.com\\\/quantic\\\/negozio\\\/\"},{\"@type\":\"ListItem\",\"position\":2,\"name\":\"Cappuccino Italiano Latte Art\"}]},{\"@type\":\"WebSite\",\"@id\":\"https:\\\/\\\/www.beverfood.com\\\/quantic\\\/negozio\\\/#website\",\"url\":\"https:\\\/\\\/www.beverfood.com\\\/quantic\\\/negozio\\\/\",\"name\":\"Negozio prodotti Beverfood.com\",\"description\":\"Negozio prodotti Beverfood.com\",\"publisher\":{\"@id\":\"https:\\\/\\\/www.beverfood.com\\\/quantic\\\/negozio\\\/#organization\"},\"potentialAction\":[{\"@type\":\"SearchAction\",\"target\":{\"@type\":\"EntryPoint\",\"urlTemplate\":\"https:\\\/\\\/www.beverfood.com\\\/quantic\\\/negozio\\\/?s={search_term_string}\"},\"query-input\":{\"@type\":\"PropertyValueSpecification\",\"valueRequired\":true,\"valueName\":\"search_term_string\"}}],\"inLanguage\":\"it-IT\"},{\"@type\":\"Organization\",\"@id\":\"https:\\\/\\\/www.beverfood.com\\\/quantic\\\/negozio\\\/#organization\",\"name\":\"Negozio prodotti Beverfood.com\",\"url\":\"https:\\\/\\\/www.beverfood.com\\\/quantic\\\/negozio\\\/\",\"logo\":{\"@type\":\"ImageObject\",\"inLanguage\":\"it-IT\",\"@id\":\"https:\\\/\\\/www.beverfood.com\\\/quantic\\\/negozio\\\/#\\\/schema\\\/logo\\\/image\\\/\",\"url\":\"https:\\\/\\\/www.beverfood.com\\\/quantic\\\/negozio\\\/wp-content\\\/uploads\\\/sites\\\/2\\\/2019\\\/12\\\/cropped-beverfood.com-logo-nero-1200-negozio.png\",\"contentUrl\":\"https:\\\/\\\/www.beverfood.com\\\/quantic\\\/negozio\\\/wp-content\\\/uploads\\\/sites\\\/2\\\/2019\\\/12\\\/cropped-beverfood.com-logo-nero-1200-negozio.png\",\"width\":1220,\"height\":406,\"caption\":\"Negozio prodotti Beverfood.com\"},\"image\":{\"@id\":\"https:\\\/\\\/www.beverfood.com\\\/quantic\\\/negozio\\\/#\\\/schema\\\/logo\\\/image\\\/\"}}]}<\/script>\n<!-- \/ Yoast SEO plugin. -->","yoast_head_json":{"title":"Cappuccino Italiano Latte Art di Franco e Mauro Bazzara Compra","description":"Cappuccino Italiano Latte Art di Franco e Mauro Bazzara - Italian Cappuccino Latte Art. Le regole del cappuccino perfetto e le tecniche della Latte Art","robots":{"index":"index","follow":"follow","max-snippet":"max-snippet:-1","max-image-preview":"max-image-preview:large","max-video-preview":"max-video-preview:-1"},"canonical":"https:\/\/www.beverfood.com\/quantic\/negozio\/prodotto\/cappuccino-italiano-latte-art\/","twitter_misc":{"Tempo di lettura stimato":"5 minuti"},"schema":{"@context":"https:\/\/schema.org","@graph":[{"@type":"WebPage","@id":"https:\/\/www.beverfood.com\/quantic\/negozio\/prodotto\/cappuccino-italiano-latte-art\/","url":"https:\/\/www.beverfood.com\/quantic\/negozio\/prodotto\/cappuccino-italiano-latte-art\/","name":"Cappuccino Italiano Latte Art di Franco e Mauro Bazzara Compra","isPartOf":{"@id":"https:\/\/www.beverfood.com\/quantic\/negozio\/#website"},"primaryImageOfPage":{"@id":"https:\/\/www.beverfood.com\/quantic\/negozio\/prodotto\/cappuccino-italiano-latte-art\/#primaryimage"},"image":{"@id":"https:\/\/www.beverfood.com\/quantic\/negozio\/prodotto\/cappuccino-italiano-latte-art\/#primaryimage"},"thumbnailUrl":"https:\/\/www.beverfood.com\/quantic\/negozio\/wp-content\/uploads\/sites\/2\/2013\/01\/cappuccino-italiano-latte-art-2016.jpg","datePublished":"2019-01-14T20:47:00+00:00","dateModified":"2023-08-30T19:41:35+00:00","description":"Cappuccino Italiano Latte Art di Franco e Mauro Bazzara - Italian Cappuccino Latte Art. Le regole del cappuccino perfetto e le tecniche della Latte Art","breadcrumb":{"@id":"https:\/\/www.beverfood.com\/quantic\/negozio\/prodotto\/cappuccino-italiano-latte-art\/#breadcrumb"},"inLanguage":"it-IT","potentialAction":[{"@type":"ReadAction","target":["https:\/\/www.beverfood.com\/quantic\/negozio\/prodotto\/cappuccino-italiano-latte-art\/"]}]},{"@type":"ImageObject","inLanguage":"it-IT","@id":"https:\/\/www.beverfood.com\/quantic\/negozio\/prodotto\/cappuccino-italiano-latte-art\/#primaryimage","url":"https:\/\/www.beverfood.com\/quantic\/negozio\/wp-content\/uploads\/sites\/2\/2013\/01\/cappuccino-italiano-latte-art-2016.jpg","contentUrl":"https:\/\/www.beverfood.com\/quantic\/negozio\/wp-content\/uploads\/sites\/2\/2013\/01\/cappuccino-italiano-latte-art-2016.jpg","width":300,"height":300},{"@type":"BreadcrumbList","@id":"https:\/\/www.beverfood.com\/quantic\/negozio\/prodotto\/cappuccino-italiano-latte-art\/#breadcrumb","itemListElement":[{"@type":"ListItem","position":1,"name":"Negozio","item":"https:\/\/www.beverfood.com\/quantic\/negozio\/"},{"@type":"ListItem","position":2,"name":"Cappuccino Italiano Latte Art"}]},{"@type":"WebSite","@id":"https:\/\/www.beverfood.com\/quantic\/negozio\/#website","url":"https:\/\/www.beverfood.com\/quantic\/negozio\/","name":"Negozio prodotti Beverfood.com","description":"Negozio prodotti Beverfood.com","publisher":{"@id":"https:\/\/www.beverfood.com\/quantic\/negozio\/#organization"},"potentialAction":[{"@type":"SearchAction","target":{"@type":"EntryPoint","urlTemplate":"https:\/\/www.beverfood.com\/quantic\/negozio\/?s={search_term_string}"},"query-input":{"@type":"PropertyValueSpecification","valueRequired":true,"valueName":"search_term_string"}}],"inLanguage":"it-IT"},{"@type":"Organization","@id":"https:\/\/www.beverfood.com\/quantic\/negozio\/#organization","name":"Negozio prodotti Beverfood.com","url":"https:\/\/www.beverfood.com\/quantic\/negozio\/","logo":{"@type":"ImageObject","inLanguage":"it-IT","@id":"https:\/\/www.beverfood.com\/quantic\/negozio\/#\/schema\/logo\/image\/","url":"https:\/\/www.beverfood.com\/quantic\/negozio\/wp-content\/uploads\/sites\/2\/2019\/12\/cropped-beverfood.com-logo-nero-1200-negozio.png","contentUrl":"https:\/\/www.beverfood.com\/quantic\/negozio\/wp-content\/uploads\/sites\/2\/2019\/12\/cropped-beverfood.com-logo-nero-1200-negozio.png","width":1220,"height":406,"caption":"Negozio prodotti Beverfood.com"},"image":{"@id":"https:\/\/www.beverfood.com\/quantic\/negozio\/#\/schema\/logo\/image\/"}}]}},"_links":{"self":[{"href":"https:\/\/www.beverfood.com\/quantic\/negozio\/wp-json\/wp\/v2\/product\/1440","targetHints":{"allow":["GET"]}}],"collection":[{"href":"https:\/\/www.beverfood.com\/quantic\/negozio\/wp-json\/wp\/v2\/product"}],"about":[{"href":"https:\/\/www.beverfood.com\/quantic\/negozio\/wp-json\/wp\/v2\/types\/product"}],"replies":[{"embeddable":true,"href":"https:\/\/www.beverfood.com\/quantic\/negozio\/wp-json\/wp\/v2\/comments?post=1440"}],"wp:featuredmedia":[{"embeddable":true,"href":"https:\/\/www.beverfood.com\/quantic\/negozio\/wp-json\/wp\/v2\/media\/1122"}],"wp:attachment":[{"href":"https:\/\/www.beverfood.com\/quantic\/negozio\/wp-json\/wp\/v2\/media?parent=1440"}],"wp:term":[{"taxonomy":"product_brand","embeddable":true,"href":"https:\/\/www.beverfood.com\/quantic\/negozio\/wp-json\/wp\/v2\/product_brand?post=1440"},{"taxonomy":"product_cat","embeddable":true,"href":"https:\/\/www.beverfood.com\/quantic\/negozio\/wp-json\/wp\/v2\/product_cat?post=1440"},{"taxonomy":"product_tag","embeddable":true,"href":"https:\/\/www.beverfood.com\/quantic\/negozio\/wp-json\/wp\/v2\/product_tag?post=1440"}],"curies":[{"name":"wp","href":"https:\/\/api.w.org\/{rel}","templated":true}]}}