{"id":32,"date":"2013-01-17T10:08:32","date_gmt":"2013-01-17T09:08:32","guid":{"rendered":"https:\/\/www.beverfood.com\/quantic\/negozio\/product\/banchedati-excel-o-csv\/bancadati-torrefazioni-ed-aziende-settore-caffe\/"},"modified":"2024-04-26T10:45:04","modified_gmt":"2024-04-26T08:45:04","slug":"bancadati-torrefazioni-ed-aziende-settore-caffe","status":"publish","type":"product","link":"https:\/\/www.beverfood.com\/quantic\/negozio\/prodotto\/bancadati-torrefazioni-ed-aziende-settore-caffe\/","title":{"rendered":"Torrefazioni ed Aziende Settore Caff\u00e8 Italia Bancadati"},"content":{"rendered":"<p><span style=\"font-size: 14px;\"><strong>Campi presenti nella Bancadati &#8220;Torrefazioni ed Aziende Caff\u00e8 Italia&#8221;<\/strong><\/span><\/p>\n<div style=\"float: right; text-align: right;\"><a class=\"zoom first\" title=\"Tabella Aziende Caff\u00e8 Torrefazioni Excel\" href=\"https:\/\/www.beverfood.com\/quantic\/negozio\/wp-content\/uploads\/sites\/2\/2013\/01\/torrefattori-xls.png\" rel=\"thumbnails\"><img loading=\"lazy\" decoding=\"async\" class=\"attachment-shop_thumbnail\" src=\"https:\/\/www.beverfood.com\/quantic\/negozio\/wp-content\/uploads\/sites\/2\/2013\/01\/torrefattori-xls-300x300.png\" alt=\"Tabella Aziende Caff\u00e8 Torrefazioni Excel\" width=\"200\" height=\"200\" \/><\/a><br \/>\n<b>Clicca per l&#8217;anteprima<\/b><\/div>\n<p>&#8211; denominazione<br \/>\n&#8211; indirizzo<br \/>\n&#8211; cap<br \/>\n&#8211; localit\u00e0<br \/>\n&#8211; provincia<br \/>\n&#8211; telefono*<br \/>\n&#8211; fax*<br \/>\n&#8211; sito web*<br \/>\n&#8211; e-mail*<br \/>\n-P. IVA*<\/p>\n<p><em>* presenti quando disponibili<\/em><\/p>\n<p>&nbsp;<\/p>\n<p><span style=\"font-size: 14px;\"><strong>Tabelle della Bancadati &#8220;Torrefazioni ed Aziende Caff\u00e8 Italia&#8221;<\/strong><\/span><\/p>\n<p>circa 1.000 Torrefazioni e produttori di bevande calde +<br \/>\ncirca 500 tra Importatori di Caff\u00e8 Verde\/Coffee Trading,<br \/>\nProduttori Macchine Caff\u00e8, DA\/Vending, OCS\/Serving,<br \/>\nFornitori Impianti e materiali per l&#8217;industria e la vendita,<br \/>\nAssociazioni Italiane ed Internazionali Caff\u00e8 e Vending.<\/p>\n<p><span style=\"color: #ff0000;\"><strong><strong><strong><span style=\"font-size: 16px;\">Totale: circa 1500 records Torrefazioni ed Aziende Settore Caff\u00e8 Italia<\/span><\/strong><\/strong><\/strong><\/span><span style=\"color: #ff0000;\"><strong><strong><strong><br \/>\n<\/strong><\/strong><\/strong><\/span><\/p>\n","protected":false},"excerpt":{"rendered":"<p>&nbsp;<\/p>\n<p style=\"text-align: justify;\">Le Banchedati\u00a0 sono tabelle in formato <strong>Ms Excel .xls<\/strong> o<strong> .csv<\/strong> <strong>divise in campi<\/strong>. I dati sono aggiornati periodicamente sulla base delle segnalazioni delle aziende stesse o sulla base di altre fonti pubbliche: siti aziendali, elenchi associativi, documenti aziendali, ecc.<\/p>\n","protected":false},"featured_media":3501,"comment_status":"closed","ping_status":"closed","template":"","meta":{"_acf_changed":false,"site-sidebar-layout":"default","site-content-layout":"default","ast-site-content-layout":"default","site-content-style":"default","site-sidebar-style":"default","ast-global-header-display":"","ast-banner-title-visibility":"","ast-main-header-display":"","ast-hfb-above-header-display":"","ast-hfb-below-header-display":"","ast-hfb-mobile-header-display":"","site-post-title":"","ast-breadcrumbs-content":"","ast-featured-img":"","footer-sml-layout":"","theme-transparent-header-meta":"default","adv-header-id-meta":"","stick-header-meta":"","header-above-stick-meta":"","header-main-stick-meta":"","header-below-stick-meta":"","astra-migrate-meta-layouts":"set","ast-page-background-enabled":"default","ast-page-background-meta":{"desktop":{"background-color":"","background-image":"","background-repeat":"repeat","background-position":"center center","background-size":"auto","background-attachment":"scroll","background-type":"","background-media":"","overlay-type":"","overlay-color":"","overlay-gradient":""},"tablet":{"background-color":"","background-image":"","background-repeat":"repeat","background-position":"center center","background-size":"auto","background-attachment":"scroll","background-type":"","background-media":"","overlay-type":"","overlay-color":"","overlay-gradient":""},"mobile":{"background-color":"","background-image":"","background-repeat":"repeat","background-position":"center center","background-size":"auto","background-attachment":"scroll","background-type":"","background-media":"","overlay-type":"","overlay-color":"","overlay-gradient":""}},"ast-content-background-meta":{"desktop":{"background-color":"var(--ast-global-color-5)","background-image":"","background-repeat":"repeat","background-position":"center center","background-size":"auto","background-attachment":"scroll","background-type":"","background-media":"","overlay-type":"","overlay-color":"","overlay-gradient":""},"tablet":{"background-color":"var(--ast-global-color-5)","background-image":"","background-repeat":"repeat","background-position":"center center","background-size":"auto","background-attachment":"scroll","background-type":"","background-media":"","overlay-type":"","overlay-color":"","overlay-gradient":""},"mobile":{"background-color":"var(--ast-global-color-5)","background-image":"","background-repeat":"repeat","background-position":"center center","background-size":"auto","background-attachment":"scroll","background-type":"","background-media":"","overlay-type":"","overlay-color":"","overlay-gradient":""}}},"product_brand":[],"product_cat":[15],"product_tag":[],"class_list":{"0":"post-32","1":"product","2":"type-product","3":"status-publish","4":"has-post-thumbnail","6":"product_cat-banchedati-excel-o-csv","7":"settori-caffe","8":"desktop-align-left","9":"tablet-align-left","10":"mobile-align-left","12":"first","13":"instock","14":"downloadable","15":"virtual","16":"purchasable","17":"product-type-simple"},"acf":[],"yoast_head":"<!-- This site is optimized with the Yoast SEO plugin v27.6 - https:\/\/yoast.com\/product\/yoast-seo-wordpress\/ -->\n<title>Torrefazioni Aziende Caff\u00e8 Tabella Campi Databese Excel csv xls Italia<\/title>\n<meta name=\"description\" content=\"Torrefazioni Aziende Caff\u00e8 Tabella Campi Databese Excel csv xls Italia record fields email Indirizzo Scociet\u00e0 Italian Coffee Company Table Address\" \/>\n<meta name=\"robots\" content=\"index, follow, max-snippet:-1, max-image-preview:large, max-video-preview:-1\" \/>\n<link rel=\"canonical\" href=\"https:\/\/www.beverfood.com\/quantic\/negozio\/prodotto\/bancadati-torrefazioni-ed-aziende-settore-caffe\/\" \/>\n<meta name=\"twitter:label1\" content=\"Tempo di lettura stimato\" \/>\n\t<meta name=\"twitter:data1\" content=\"1 minuto\" \/>\n<script type=\"application\/ld+json\" class=\"yoast-schema-graph\">{\"@context\":\"https:\\\/\\\/schema.org\",\"@graph\":[{\"@type\":\"WebPage\",\"@id\":\"https:\\\/\\\/www.beverfood.com\\\/quantic\\\/negozio\\\/prodotto\\\/bancadati-torrefazioni-ed-aziende-settore-caffe\\\/\",\"url\":\"https:\\\/\\\/www.beverfood.com\\\/quantic\\\/negozio\\\/prodotto\\\/bancadati-torrefazioni-ed-aziende-settore-caffe\\\/\",\"name\":\"Torrefazioni Aziende Caff\u00e8 Tabella Campi Databese Excel csv xls Italia\",\"isPartOf\":{\"@id\":\"https:\\\/\\\/www.beverfood.com\\\/quantic\\\/negozio\\\/#website\"},\"primaryImageOfPage\":{\"@id\":\"https:\\\/\\\/www.beverfood.com\\\/quantic\\\/negozio\\\/prodotto\\\/bancadati-torrefazioni-ed-aziende-settore-caffe\\\/#primaryimage\"},\"image\":{\"@id\":\"https:\\\/\\\/www.beverfood.com\\\/quantic\\\/negozio\\\/prodotto\\\/bancadati-torrefazioni-ed-aziende-settore-caffe\\\/#primaryimage\"},\"thumbnailUrl\":\"https:\\\/\\\/www.beverfood.com\\\/quantic\\\/negozio\\\/wp-content\\\/uploads\\\/sites\\\/2\\\/2013\\\/01\\\/Banchedati-torrefazioni-e-caffe.jpg\",\"datePublished\":\"2013-01-17T09:08:32+00:00\",\"dateModified\":\"2024-04-26T08:45:04+00:00\",\"description\":\"Torrefazioni Aziende Caff\u00e8 Tabella Campi Databese Excel csv xls Italia record fields email Indirizzo Scociet\u00e0 Italian Coffee Company Table Address\",\"breadcrumb\":{\"@id\":\"https:\\\/\\\/www.beverfood.com\\\/quantic\\\/negozio\\\/prodotto\\\/bancadati-torrefazioni-ed-aziende-settore-caffe\\\/#breadcrumb\"},\"inLanguage\":\"it-IT\",\"potentialAction\":[{\"@type\":\"ReadAction\",\"target\":[\"https:\\\/\\\/www.beverfood.com\\\/quantic\\\/negozio\\\/prodotto\\\/bancadati-torrefazioni-ed-aziende-settore-caffe\\\/\"]}]},{\"@type\":\"ImageObject\",\"inLanguage\":\"it-IT\",\"@id\":\"https:\\\/\\\/www.beverfood.com\\\/quantic\\\/negozio\\\/prodotto\\\/bancadati-torrefazioni-ed-aziende-settore-caffe\\\/#primaryimage\",\"url\":\"https:\\\/\\\/www.beverfood.com\\\/quantic\\\/negozio\\\/wp-content\\\/uploads\\\/sites\\\/2\\\/2013\\\/01\\\/Banchedati-torrefazioni-e-caffe.jpg\",\"contentUrl\":\"https:\\\/\\\/www.beverfood.com\\\/quantic\\\/negozio\\\/wp-content\\\/uploads\\\/sites\\\/2\\\/2013\\\/01\\\/Banchedati-torrefazioni-e-caffe.jpg\",\"width\":600,\"height\":800},{\"@type\":\"BreadcrumbList\",\"@id\":\"https:\\\/\\\/www.beverfood.com\\\/quantic\\\/negozio\\\/prodotto\\\/bancadati-torrefazioni-ed-aziende-settore-caffe\\\/#breadcrumb\",\"itemListElement\":[{\"@type\":\"ListItem\",\"position\":1,\"name\":\"Negozio\",\"item\":\"https:\\\/\\\/www.beverfood.com\\\/quantic\\\/negozio\\\/\"},{\"@type\":\"ListItem\",\"position\":2,\"name\":\"Torrefazioni ed Aziende Settore Caff\u00e8 Italia Bancadati\"}]},{\"@type\":\"WebSite\",\"@id\":\"https:\\\/\\\/www.beverfood.com\\\/quantic\\\/negozio\\\/#website\",\"url\":\"https:\\\/\\\/www.beverfood.com\\\/quantic\\\/negozio\\\/\",\"name\":\"Negozio prodotti Beverfood.com\",\"description\":\"Negozio prodotti Beverfood.com\",\"publisher\":{\"@id\":\"https:\\\/\\\/www.beverfood.com\\\/quantic\\\/negozio\\\/#organization\"},\"potentialAction\":[{\"@type\":\"SearchAction\",\"target\":{\"@type\":\"EntryPoint\",\"urlTemplate\":\"https:\\\/\\\/www.beverfood.com\\\/quantic\\\/negozio\\\/?s={search_term_string}\"},\"query-input\":{\"@type\":\"PropertyValueSpecification\",\"valueRequired\":true,\"valueName\":\"search_term_string\"}}],\"inLanguage\":\"it-IT\"},{\"@type\":\"Organization\",\"@id\":\"https:\\\/\\\/www.beverfood.com\\\/quantic\\\/negozio\\\/#organization\",\"name\":\"Negozio prodotti Beverfood.com\",\"url\":\"https:\\\/\\\/www.beverfood.com\\\/quantic\\\/negozio\\\/\",\"logo\":{\"@type\":\"ImageObject\",\"inLanguage\":\"it-IT\",\"@id\":\"https:\\\/\\\/www.beverfood.com\\\/quantic\\\/negozio\\\/#\\\/schema\\\/logo\\\/image\\\/\",\"url\":\"https:\\\/\\\/www.beverfood.com\\\/quantic\\\/negozio\\\/wp-content\\\/uploads\\\/sites\\\/2\\\/2019\\\/12\\\/cropped-beverfood.com-logo-nero-1200-negozio.png\",\"contentUrl\":\"https:\\\/\\\/www.beverfood.com\\\/quantic\\\/negozio\\\/wp-content\\\/uploads\\\/sites\\\/2\\\/2019\\\/12\\\/cropped-beverfood.com-logo-nero-1200-negozio.png\",\"width\":1220,\"height\":406,\"caption\":\"Negozio prodotti Beverfood.com\"},\"image\":{\"@id\":\"https:\\\/\\\/www.beverfood.com\\\/quantic\\\/negozio\\\/#\\\/schema\\\/logo\\\/image\\\/\"}}]}<\/script>\n<!-- \/ Yoast SEO plugin. -->","yoast_head_json":{"title":"Torrefazioni Aziende Caff\u00e8 Tabella Campi Databese Excel csv xls Italia","description":"Torrefazioni Aziende Caff\u00e8 Tabella Campi Databese Excel csv xls Italia record fields email Indirizzo Scociet\u00e0 Italian Coffee Company Table Address","robots":{"index":"index","follow":"follow","max-snippet":"max-snippet:-1","max-image-preview":"max-image-preview:large","max-video-preview":"max-video-preview:-1"},"canonical":"https:\/\/www.beverfood.com\/quantic\/negozio\/prodotto\/bancadati-torrefazioni-ed-aziende-settore-caffe\/","twitter_misc":{"Tempo di lettura stimato":"1 minuto"},"schema":{"@context":"https:\/\/schema.org","@graph":[{"@type":"WebPage","@id":"https:\/\/www.beverfood.com\/quantic\/negozio\/prodotto\/bancadati-torrefazioni-ed-aziende-settore-caffe\/","url":"https:\/\/www.beverfood.com\/quantic\/negozio\/prodotto\/bancadati-torrefazioni-ed-aziende-settore-caffe\/","name":"Torrefazioni Aziende Caff\u00e8 Tabella Campi Databese Excel csv xls Italia","isPartOf":{"@id":"https:\/\/www.beverfood.com\/quantic\/negozio\/#website"},"primaryImageOfPage":{"@id":"https:\/\/www.beverfood.com\/quantic\/negozio\/prodotto\/bancadati-torrefazioni-ed-aziende-settore-caffe\/#primaryimage"},"image":{"@id":"https:\/\/www.beverfood.com\/quantic\/negozio\/prodotto\/bancadati-torrefazioni-ed-aziende-settore-caffe\/#primaryimage"},"thumbnailUrl":"https:\/\/www.beverfood.com\/quantic\/negozio\/wp-content\/uploads\/sites\/2\/2013\/01\/Banchedati-torrefazioni-e-caffe.jpg","datePublished":"2013-01-17T09:08:32+00:00","dateModified":"2024-04-26T08:45:04+00:00","description":"Torrefazioni Aziende Caff\u00e8 Tabella Campi Databese Excel csv xls Italia record fields email Indirizzo Scociet\u00e0 Italian Coffee Company Table Address","breadcrumb":{"@id":"https:\/\/www.beverfood.com\/quantic\/negozio\/prodotto\/bancadati-torrefazioni-ed-aziende-settore-caffe\/#breadcrumb"},"inLanguage":"it-IT","potentialAction":[{"@type":"ReadAction","target":["https:\/\/www.beverfood.com\/quantic\/negozio\/prodotto\/bancadati-torrefazioni-ed-aziende-settore-caffe\/"]}]},{"@type":"ImageObject","inLanguage":"it-IT","@id":"https:\/\/www.beverfood.com\/quantic\/negozio\/prodotto\/bancadati-torrefazioni-ed-aziende-settore-caffe\/#primaryimage","url":"https:\/\/www.beverfood.com\/quantic\/negozio\/wp-content\/uploads\/sites\/2\/2013\/01\/Banchedati-torrefazioni-e-caffe.jpg","contentUrl":"https:\/\/www.beverfood.com\/quantic\/negozio\/wp-content\/uploads\/sites\/2\/2013\/01\/Banchedati-torrefazioni-e-caffe.jpg","width":600,"height":800},{"@type":"BreadcrumbList","@id":"https:\/\/www.beverfood.com\/quantic\/negozio\/prodotto\/bancadati-torrefazioni-ed-aziende-settore-caffe\/#breadcrumb","itemListElement":[{"@type":"ListItem","position":1,"name":"Negozio","item":"https:\/\/www.beverfood.com\/quantic\/negozio\/"},{"@type":"ListItem","position":2,"name":"Torrefazioni ed Aziende Settore Caff\u00e8 Italia Bancadati"}]},{"@type":"WebSite","@id":"https:\/\/www.beverfood.com\/quantic\/negozio\/#website","url":"https:\/\/www.beverfood.com\/quantic\/negozio\/","name":"Negozio prodotti Beverfood.com","description":"Negozio prodotti Beverfood.com","publisher":{"@id":"https:\/\/www.beverfood.com\/quantic\/negozio\/#organization"},"potentialAction":[{"@type":"SearchAction","target":{"@type":"EntryPoint","urlTemplate":"https:\/\/www.beverfood.com\/quantic\/negozio\/?s={search_term_string}"},"query-input":{"@type":"PropertyValueSpecification","valueRequired":true,"valueName":"search_term_string"}}],"inLanguage":"it-IT"},{"@type":"Organization","@id":"https:\/\/www.beverfood.com\/quantic\/negozio\/#organization","name":"Negozio prodotti Beverfood.com","url":"https:\/\/www.beverfood.com\/quantic\/negozio\/","logo":{"@type":"ImageObject","inLanguage":"it-IT","@id":"https:\/\/www.beverfood.com\/quantic\/negozio\/#\/schema\/logo\/image\/","url":"https:\/\/www.beverfood.com\/quantic\/negozio\/wp-content\/uploads\/sites\/2\/2019\/12\/cropped-beverfood.com-logo-nero-1200-negozio.png","contentUrl":"https:\/\/www.beverfood.com\/quantic\/negozio\/wp-content\/uploads\/sites\/2\/2019\/12\/cropped-beverfood.com-logo-nero-1200-negozio.png","width":1220,"height":406,"caption":"Negozio prodotti Beverfood.com"},"image":{"@id":"https:\/\/www.beverfood.com\/quantic\/negozio\/#\/schema\/logo\/image\/"}}]}},"_links":{"self":[{"href":"https:\/\/www.beverfood.com\/quantic\/negozio\/wp-json\/wp\/v2\/product\/32","targetHints":{"allow":["GET"]}}],"collection":[{"href":"https:\/\/www.beverfood.com\/quantic\/negozio\/wp-json\/wp\/v2\/product"}],"about":[{"href":"https:\/\/www.beverfood.com\/quantic\/negozio\/wp-json\/wp\/v2\/types\/product"}],"replies":[{"embeddable":true,"href":"https:\/\/www.beverfood.com\/quantic\/negozio\/wp-json\/wp\/v2\/comments?post=32"}],"wp:featuredmedia":[{"embeddable":true,"href":"https:\/\/www.beverfood.com\/quantic\/negozio\/wp-json\/wp\/v2\/media\/3501"}],"wp:attachment":[{"href":"https:\/\/www.beverfood.com\/quantic\/negozio\/wp-json\/wp\/v2\/media?parent=32"}],"wp:term":[{"taxonomy":"product_brand","embeddable":true,"href":"https:\/\/www.beverfood.com\/quantic\/negozio\/wp-json\/wp\/v2\/product_brand?post=32"},{"taxonomy":"product_cat","embeddable":true,"href":"https:\/\/www.beverfood.com\/quantic\/negozio\/wp-json\/wp\/v2\/product_cat?post=32"},{"taxonomy":"product_tag","embeddable":true,"href":"https:\/\/www.beverfood.com\/quantic\/negozio\/wp-json\/wp\/v2\/product_tag?post=32"}],"curies":[{"name":"wp","href":"https:\/\/api.w.org\/{rel}","templated":true}]}}